{"id":340,"date":"2025-04-20T02:24:51","date_gmt":"2025-04-20T02:24:51","guid":{"rendered":"https:\/\/toi.metalabco.com\/index.php\/cart\/"},"modified":"2025-11-08T09:38:20","modified_gmt":"2025-11-08T02:38:20","slug":"cart","status":"publish","type":"page","link":"https:\/\/toi.metalabco.com\/index.php\/cart\/","title":{"rendered":"KI\u1ec2M TRA D\u1ecaCH V\u1ee4 V\u00c0 S\u1ea2N PH\u1ea8M \u0110\u1eb6T H\u00c0NG"},"content":{"rendered":"\n<p>H\u00e3y thanh to\u00e1n \u0111\u01a1n h\u00e0ng linh ki\u1ec7n \u0111\u1ec3 ch\u00fang t\u00f4i gi\u1eef ch\u1ed7 cho b\u1ea1n nh\u00e9!!!<\/p>\n\n\n\n<div data-block-name=\"woocommerce\/cart\" class=\"wp-block-woocommerce-cart alignwide is-loading\">\n<div data-block-name=\"woocommerce\/filled-cart-block\" class=\"wp-block-woocommerce-filled-cart-block\">\n<div data-block-name=\"woocommerce\/cart-items-block\" class=\"wp-block-woocommerce-cart-items-block\">\n<div data-block-name=\"woocommerce\/cart-line-items-block\" class=\"wp-block-woocommerce-cart-line-items-block\"><\/div>\n\n\n\n<div data-block-name=\"woocommerce\/cart-cross-sells-block\" class=\"wp-block-woocommerce-cart-cross-sells-block\">\n<h2 class=\"wp-block-heading has-large-font-size\">You may be interested in\u2026<\/h2>\n\n\n\n<div data-block-name=\"woocommerce\/cart-cross-sells-products-block\" class=\"wp-block-woocommerce-cart-cross-sells-products-block\"><\/div>\n<\/div>\n<\/div>\n\n\n\n<div data-block-name=\"woocommerce\/cart-totals-block\" class=\"wp-block-woocommerce-cart-totals-block\">\n<div data-block-name=\"woocommerce\/cart-order-summary-block\" class=\"wp-block-woocommerce-cart-order-summary-block\">\n<div data-block-name=\"woocommerce\/cart-order-summary-heading-block\" data-content=\"T\u1ed5ng c\u1ed9ng gi\u1ecf h\u00e0ng\" class=\"wp-block-woocommerce-cart-order-summary-heading-block\"><\/div>\n\n\n\n<div data-block-name=\"woocommerce\/cart-order-summary-coupon-form-block\" class=\"wp-block-woocommerce-cart-order-summary-coupon-form-block\"><\/div>\n\n\n\n<div data-block-name=\"woocommerce\/cart-order-summary-totals-block\" class=\"wp-block-woocommerce-cart-order-summary-totals-block\">\n<div data-block-name=\"woocommerce\/cart-order-summary-subtotal-block\" class=\"wp-block-woocommerce-cart-order-summary-subtotal-block\"><\/div>\n\n\n\n<div data-block-name=\"woocommerce\/cart-order-summary-fee-block\" class=\"wp-block-woocommerce-cart-order-summary-fee-block\"><\/div>\n\n\n\n<div data-block-name=\"woocommerce\/cart-order-summary-discount-block\" class=\"wp-block-woocommerce-cart-order-summary-discount-block\"><\/div>\n\n\n\n<div data-block-name=\"woocommerce\/cart-order-summary-shipping-block\" class=\"wp-block-woocommerce-cart-order-summary-shipping-block\"><\/div>\n\n\n\n<div data-block-name=\"woocommerce\/cart-order-summary-taxes-block\" class=\"wp-block-woocommerce-cart-order-summary-taxes-block\"><\/div>\n<\/div>\n<\/div>\n\n\n\n<div data-block-name=\"woocommerce\/cart-express-payment-block\" class=\"wp-block-woocommerce-cart-express-payment-block\"><\/div>\n\n\n\n<div data-block-name=\"woocommerce\/proceed-to-checkout-block\" class=\"wp-block-woocommerce-proceed-to-checkout-block\"><\/div>\n\n\n\n<div data-block-name=\"woocommerce\/cart-accepted-payment-methods-block\" class=\"wp-block-woocommerce-cart-accepted-payment-methods-block\"><\/div>\n<\/div>\n<\/div>\n\n\n\n<div data-block-name=\"woocommerce\/empty-cart-block\" class=\"wp-block-woocommerce-empty-cart-block\">\n<h2 class=\"wp-block-heading has-text-align-center with-empty-cart-icon wc-block-cart__empty-cart__title\">Your cart is currently empty!<\/h2>\n\n\n\n<hr class=\"wp-block-separator has-alpha-channel-opacity is-style-dots\"\/>\n\n\n\n<h2 class=\"wp-block-heading has-text-align-center\">New in store<\/h2>\n\n\n<div data-block-name=\"woocommerce\/product-new\" data-columns=\"4\" data-rows=\"1\" class=\"wc-block-grid wp-block-product-new wp-block-woocommerce-product-new wc-block-product-new has-4-columns\"><ul class=\"wc-block-grid__products\"><li class=\"wc-block-grid__product\">\n\t\t\t\t<a href=\"https:\/\/toi.metalabco.com\/index.php\/san-pham\/shockwave-impact-duty-magnetic-nut-driver-set-6pc\/\" class=\"wc-block-grid__product-link\">\n\t\t\t\t\t\n\t\t\t\t\t<div class=\"wc-block-grid__product-image\"><img loading=\"lazy\" decoding=\"async\" width=\"200\" height=\"200\" src=\"https:\/\/toi.metalabco.com\/wp-content\/uploads\/2025\/05\/SHOCKWAVE-Impact-Duty-Magnetic-Nut-Driver-Set-6PC-200x200.png\" class=\"attachment-woocommerce_thumbnail size-woocommerce_thumbnail\" alt=\"SHOCKWAVE Impact Duty Magnetic Nut Driver Set 6PC\" srcset=\"https:\/\/toi.metalabco.com\/wp-content\/uploads\/2025\/05\/SHOCKWAVE-Impact-Duty-Magnetic-Nut-Driver-Set-6PC-200x200.png 200w, https:\/\/toi.metalabco.com\/wp-content\/uploads\/2025\/05\/SHOCKWAVE-Impact-Duty-Magnetic-Nut-Driver-Set-6PC-100x100.png 100w, https:\/\/toi.metalabco.com\/wp-content\/uploads\/2025\/05\/SHOCKWAVE-Impact-Duty-Magnetic-Nut-Driver-Set-6PC-300x300.png 300w, https:\/\/toi.metalabco.com\/wp-content\/uploads\/2025\/05\/SHOCKWAVE-Impact-Duty-Magnetic-Nut-Driver-Set-6PC-150x150.png 150w, https:\/\/toi.metalabco.com\/wp-content\/uploads\/2025\/05\/SHOCKWAVE-Impact-Duty-Magnetic-Nut-Driver-Set-6PC-375x375.png 375w, https:\/\/toi.metalabco.com\/wp-content\/uploads\/2025\/05\/SHOCKWAVE-Impact-Duty-Magnetic-Nut-Driver-Set-6PC.png 720w\" sizes=\"auto, (max-width: 200px) 100vw, 200px\" \/><\/div>\n\t\t\t\t\t<div class=\"wc-block-grid__product-title\">SHOCKWAVE Impact Duty Magnetic Nut Driver Set 6PC<\/div>\n\t\t\t\t<\/a>\n\t\t\t\t<div class=\"wc-block-grid__product-price price\"><span class=\"woocommerce-Price-amount amount\">520,000&nbsp;<span class=\"woocommerce-Price-currencySymbol\">&#8363;<\/span><\/span><\/div>\n\t\t\t\t\n\t\t\t\t<div class=\"wp-block-button wc-block-grid__product-add-to-cart\"><a href=\"\/index.php\/wp-json\/wp\/v2\/pages\/340?add-to-cart=464\" aria-label=\"Th\u00eam v\u00e0o gi\u1ecf h\u00e0ng: &ldquo;SHOCKWAVE Impact Duty Magnetic Nut Driver Set 6PC&rdquo;\" data-quantity=\"1\" data-product_id=\"464\" data-product_sku=\"\" data-price=\"520000\" rel=\"nofollow\" class=\"wp-block-button__link  add_to_cart_button ajax_add_to_cart\">Th\u00eam v\u00e0o gi\u1ecf h\u00e0ng<\/a><\/div>\n\t\t\t<\/li><li class=\"wc-block-grid__product\">\n\t\t\t\t<a href=\"https:\/\/toi.metalabco.com\/index.php\/san-pham\/m18-fuel-hammer-drill-driver\/\" class=\"wc-block-grid__product-link\">\n\t\t\t\t\t\n\t\t\t\t\t<div class=\"wc-block-grid__product-image\"><img loading=\"lazy\" decoding=\"async\" width=\"200\" height=\"200\" src=\"https:\/\/toi.metalabco.com\/wp-content\/uploads\/2025\/05\/M18-FUEL-Hammer-200x200.jpg\" class=\"attachment-woocommerce_thumbnail size-woocommerce_thumbnail\" alt=\"M18 FUEL Hammer Drill\/Driver\" srcset=\"https:\/\/toi.metalabco.com\/wp-content\/uploads\/2025\/05\/M18-FUEL-Hammer-200x200.jpg 200w, https:\/\/toi.metalabco.com\/wp-content\/uploads\/2025\/05\/M18-FUEL-Hammer-100x100.jpg 100w, https:\/\/toi.metalabco.com\/wp-content\/uploads\/2025\/05\/M18-FUEL-Hammer-300x300.jpg 300w, https:\/\/toi.metalabco.com\/wp-content\/uploads\/2025\/05\/M18-FUEL-Hammer-150x150.jpg 150w, https:\/\/toi.metalabco.com\/wp-content\/uploads\/2025\/05\/M18-FUEL-Hammer-375x375.jpg 375w, https:\/\/toi.metalabco.com\/wp-content\/uploads\/2025\/05\/M18-FUEL-Hammer.jpg 720w\" sizes=\"auto, (max-width: 200px) 100vw, 200px\" \/><\/div>\n\t\t\t\t\t<div class=\"wc-block-grid__product-title\">M18 FUEL Hammer Drill\/Driver<\/div>\n\t\t\t\t<\/a>\n\t\t\t\t<div class=\"wc-block-grid__product-price price\"><span class=\"woocommerce-Price-amount amount\">2,300,000&nbsp;<span class=\"woocommerce-Price-currencySymbol\">&#8363;<\/span><\/span><\/div>\n\t\t\t\t\n\t\t\t\t<div class=\"wp-block-button wc-block-grid__product-add-to-cart\"><a href=\"\/index.php\/wp-json\/wp\/v2\/pages\/340?add-to-cart=461\" aria-label=\"Th\u00eam v\u00e0o gi\u1ecf h\u00e0ng: &ldquo;M18 FUEL Hammer Drill\/Driver&rdquo;\" data-quantity=\"1\" data-product_id=\"461\" data-product_sku=\"\" data-price=\"2300000\" rel=\"nofollow\" class=\"wp-block-button__link  add_to_cart_button ajax_add_to_cart\">Th\u00eam v\u00e0o gi\u1ecf h\u00e0ng<\/a><\/div>\n\t\t\t<\/li><li class=\"wc-block-grid__product\">\n\t\t\t\t<a href=\"https:\/\/toi.metalabco.com\/index.php\/san-pham\/5pc-dipped-grip-cutting-pliers-cushion-grip-screwdrivers-set-usa\/\" class=\"wc-block-grid__product-link\">\n\t\t\t\t\t\n\t\t\t\t\t<div class=\"wc-block-grid__product-image\"><img loading=\"lazy\" decoding=\"async\" width=\"200\" height=\"200\" src=\"https:\/\/toi.metalabco.com\/wp-content\/uploads\/2025\/05\/5PC-Dipped-Grip-Cutting-Pliers-Cushion-Grip-Screwdrivers-Set-USA-200x200.png\" class=\"attachment-woocommerce_thumbnail size-woocommerce_thumbnail\" alt=\"5PC Dipped Grip Cutting Pliers &amp; Cushion Grip Screwdrivers Set (USA)\" srcset=\"https:\/\/toi.metalabco.com\/wp-content\/uploads\/2025\/05\/5PC-Dipped-Grip-Cutting-Pliers-Cushion-Grip-Screwdrivers-Set-USA-200x200.png 200w, https:\/\/toi.metalabco.com\/wp-content\/uploads\/2025\/05\/5PC-Dipped-Grip-Cutting-Pliers-Cushion-Grip-Screwdrivers-Set-USA-100x100.png 100w, https:\/\/toi.metalabco.com\/wp-content\/uploads\/2025\/05\/5PC-Dipped-Grip-Cutting-Pliers-Cushion-Grip-Screwdrivers-Set-USA-150x150.png 150w, https:\/\/toi.metalabco.com\/wp-content\/uploads\/2025\/05\/5PC-Dipped-Grip-Cutting-Pliers-Cushion-Grip-Screwdrivers-Set-USA.png 256w\" sizes=\"auto, (max-width: 200px) 100vw, 200px\" \/><\/div>\n\t\t\t\t\t<div class=\"wc-block-grid__product-title\">5PC Dipped Grip Cutting Pliers &amp; Cushion Grip Screwdrivers Set (USA)<\/div>\n\t\t\t\t<\/a>\n\t\t\t\t<div class=\"wc-block-grid__product-price price\"><span class=\"woocommerce-Price-amount amount\">1,000,000&nbsp;<span class=\"woocommerce-Price-currencySymbol\">&#8363;<\/span><\/span><\/div>\n\t\t\t\t\n\t\t\t\t<div class=\"wp-block-button wc-block-grid__product-add-to-cart\"><a href=\"\/index.php\/wp-json\/wp\/v2\/pages\/340?add-to-cart=459\" aria-label=\"Th\u00eam v\u00e0o gi\u1ecf h\u00e0ng: &ldquo;5PC Dipped Grip Cutting Pliers &amp; Cushion Grip Screwdrivers Set (USA)&rdquo;\" data-quantity=\"1\" data-product_id=\"459\" data-product_sku=\"\" data-price=\"1000000\" rel=\"nofollow\" class=\"wp-block-button__link  add_to_cart_button ajax_add_to_cart\">Th\u00eam v\u00e0o gi\u1ecf h\u00e0ng<\/a><\/div>\n\t\t\t<\/li><li class=\"wc-block-grid__product\">\n\t\t\t\t<a href=\"https:\/\/toi.metalabco.com\/index.php\/san-pham\/driver-bit-set-42pc\/\" class=\"wc-block-grid__product-link\">\n\t\t\t\t\t\n\t\t\t\t\t<div class=\"wc-block-grid__product-image\"><img loading=\"lazy\" decoding=\"async\" width=\"200\" height=\"200\" src=\"https:\/\/toi.metalabco.com\/wp-content\/uploads\/2025\/05\/a5f342330fde48628ffee89ac6b57b82-200x200.webp\" class=\"attachment-woocommerce_thumbnail size-woocommerce_thumbnail\" alt=\"Driver Bit Set - 42PC\" srcset=\"https:\/\/toi.metalabco.com\/wp-content\/uploads\/2025\/05\/a5f342330fde48628ffee89ac6b57b82-200x200.webp 200w, https:\/\/toi.metalabco.com\/wp-content\/uploads\/2025\/05\/a5f342330fde48628ffee89ac6b57b82-100x100.webp 100w, https:\/\/toi.metalabco.com\/wp-content\/uploads\/2025\/05\/a5f342330fde48628ffee89ac6b57b82-300x300.webp 300w, https:\/\/toi.metalabco.com\/wp-content\/uploads\/2025\/05\/a5f342330fde48628ffee89ac6b57b82-1024x1024.webp 1024w, https:\/\/toi.metalabco.com\/wp-content\/uploads\/2025\/05\/a5f342330fde48628ffee89ac6b57b82-150x150.webp 150w, https:\/\/toi.metalabco.com\/wp-content\/uploads\/2025\/05\/a5f342330fde48628ffee89ac6b57b82-768x768.webp 768w, https:\/\/toi.metalabco.com\/wp-content\/uploads\/2025\/05\/a5f342330fde48628ffee89ac6b57b82-1536x1536.webp 1536w, https:\/\/toi.metalabco.com\/wp-content\/uploads\/2025\/05\/a5f342330fde48628ffee89ac6b57b82-375x375.webp 375w, https:\/\/toi.metalabco.com\/wp-content\/uploads\/2025\/05\/a5f342330fde48628ffee89ac6b57b82.webp 2000w\" sizes=\"auto, (max-width: 200px) 100vw, 200px\" \/><\/div>\n\t\t\t\t\t<div class=\"wc-block-grid__product-title\">Driver Bit Set &#8211; 42PC<\/div>\n\t\t\t\t<\/a>\n\t\t\t\t<div class=\"wc-block-grid__product-price price\"><span class=\"woocommerce-Price-amount amount\">4,500,000&nbsp;<span class=\"woocommerce-Price-currencySymbol\">&#8363;<\/span><\/span><\/div>\n\t\t\t\t\n\t\t\t\t<div class=\"wp-block-button wc-block-grid__product-add-to-cart\"><a href=\"\/index.php\/wp-json\/wp\/v2\/pages\/340?add-to-cart=433\" aria-label=\"Th\u00eam v\u00e0o gi\u1ecf h\u00e0ng: &ldquo;Driver Bit Set - 42PC&rdquo;\" data-quantity=\"1\" data-product_id=\"433\" data-product_sku=\"\" data-price=\"4500000\" rel=\"nofollow\" class=\"wp-block-button__link  add_to_cart_button ajax_add_to_cart\">Th\u00eam v\u00e0o gi\u1ecf h\u00e0ng<\/a><\/div>\n\t\t\t<\/li><\/ul><\/div><\/div>\n<\/div>\n","protected":false},"excerpt":{"rendered":"<p>H\u00e3y thanh to\u00e1n \u0111\u01a1n h\u00e0ng linh ki\u1ec7n \u0111\u1ec3 ch\u00fang t\u00f4i gi\u1eef ch\u1ed7 cho b\u1ea1n nh\u00e9!!!<\/p>\n","protected":false},"author":1,"featured_media":0,"parent":0,"menu_order":0,"comment_status":"closed","ping_status":"closed","template":"","meta":{"footnotes":""},"class_list":["post-340","page","type-page","status-publish","hentry"],"_links":{"self":[{"href":"https:\/\/toi.metalabco.com\/index.php\/wp-json\/wp\/v2\/pages\/340","targetHints":{"allow":["GET"]}}],"collection":[{"href":"https:\/\/toi.metalabco.com\/index.php\/wp-json\/wp\/v2\/pages"}],"about":[{"href":"https:\/\/toi.metalabco.com\/index.php\/wp-json\/wp\/v2\/types\/page"}],"author":[{"embeddable":true,"href":"https:\/\/toi.metalabco.com\/index.php\/wp-json\/wp\/v2\/users\/1"}],"replies":[{"embeddable":true,"href":"https:\/\/toi.metalabco.com\/index.php\/wp-json\/wp\/v2\/comments?post=340"}],"version-history":[{"count":5,"href":"https:\/\/toi.metalabco.com\/index.php\/wp-json\/wp\/v2\/pages\/340\/revisions"}],"predecessor-version":[{"id":500,"href":"https:\/\/toi.metalabco.com\/index.php\/wp-json\/wp\/v2\/pages\/340\/revisions\/500"}],"wp:attachment":[{"href":"https:\/\/toi.metalabco.com\/index.php\/wp-json\/wp\/v2\/media?parent=340"}],"curies":[{"name":"wp","href":"https:\/\/api.w.org\/{rel}","templated":true}]}}