{"id":358,"date":"2025-04-20T03:54:56","date_gmt":"2025-04-20T03:54:56","guid":{"rendered":"https:\/\/toi.metalabco.com\/?post_type=product&#038;p=358"},"modified":"2025-04-20T04:13:23","modified_gmt":"2025-04-20T04:13:23","slug":"engine-application-4t-300v-10w-40","status":"publish","type":"product","link":"https:\/\/toi.metalabco.com\/index.php\/san-pham\/engine-application-4t-300v-10w-40\/","title":{"rendered":"Engine Application 4T 300V 10W-40"},"content":{"rendered":"<p class=\"ProductDescription_description__OaKMv\" aria-label=\"m\u00f4 t\u1ea3 s\u1ea3n ph\u1ea9m\"><span class=\"\">\u1ee8NG D\u1ee4NG: <\/span><\/p>\n<p class=\"ProductDescription_description__OaKMv\" aria-label=\"m\u00f4 t\u1ea3 s\u1ea3n ph\u1ea9m\"><span class=\"\">\u2022 S\u1eed d\u1ee5ng cho c\u00e1c lo\u1ea1i \u0111\u1ed9ng c\u01a1 xe m\u00f4 t\u00f4 4 th\u00ec: xe \u0111ua, xe th\u1ec3 thao, xe ph\u00e2n kh\u1ed1i l\u1edbn c\u1ee7a c\u00e1c h\u00e3ng nh\u01b0 Ducati, Honda, Yamaha, BMW, Aprilia, Kawasaki, Suzuki, Benelli, KTM\u2026 y\u00eau c\u1ea7u \u0111\u1ed9 nh\u1edbt ph\u00f9 h\u1ee3p.<br \/>\n\u2022 S\u1ea3n ph\u1ea9m c\u0169ng ph\u00f9 h\u1ee3p s\u1eed d\u1ee5ng cho c\u00e1c lo\u1ea1i xe ch\u1ea1y \u0111\u01b0\u1eddng ph\u1ed1 c\u00f3 trang b\u1ecb b\u1ed9 x\u1eed l\u00fd x\u00fac t\u00e1c, xe ATV, UTV&#8230; <\/span><\/p>\n<p class=\"ProductDescription_description__OaKMv\" aria-label=\"m\u00f4 t\u1ea3 s\u1ea3n ph\u1ea9m\"><span class=\"\">\u01afU \u0110I\u1ec2M: <\/span><\/p>\n<p class=\"ProductDescription_description__OaKMv\" aria-label=\"m\u00f4 t\u1ea3 s\u1ea3n ph\u1ea9m\"><span class=\"\">\u2022 C\u00f4ng ngh\u1ec7 Ester Core\u00ae \u0111\u1ed9c quy\u1ec1n gi\u00fap \u0111\u1ed9c c\u01a1 ho\u1ea1t \u0111\u1ed9ng t\u1ed1i \u0111a c\u00f4ng su\u1ea5t v\u00e0 b\u1ea3o v\u1ec7 ho\u00e0n h\u1ea3o \u0111\u1ed9ng c\u01a1. <\/span><\/p>\n<p class=\"ProductDescription_description__OaKMv\" aria-label=\"m\u00f4 t\u1ea3 s\u1ea3n ph\u1ea9m\"><span class=\"\">\u2022 T\u0103ng c\u00f4ng su\u1ea5t th\u00eam \u0111\u1ebfn 1.3% m\u00e3 l\u1ef1c. <\/span><\/p>\n<p class=\"ProductDescription_description__OaKMv\" aria-label=\"m\u00f4 t\u1ea3 s\u1ea3n ph\u1ea9m\"><span class=\"\">\u2022 B\u1ea3o v\u1ec7 h\u1ed9p s\u1ed1 ho\u00e0n h\u1ea3o trong \u0111i\u1ec1u ki\u1ec7n v\u1eadn h\u00e0nh kh\u1eafc nghi\u1ec7t v\u1edbi ch\u1ec9 s\u1ed1 FLS&gt;14. <\/span><\/p>\n<p class=\"ProductDescription_description__OaKMv\" aria-label=\"m\u00f4 t\u1ea3 s\u1ea3n ph\u1ea9m\"><span class=\"\">\u2022 Gi\u1eef \u1ed5n \u0111\u1ecbnh \u00e1p su\u1ea5t d\u1ea7u trong m\u1ecdi \u0111i\u1ec1u ki\u1ec7n v\u1eadn h\u00e0nh.<\/span><\/p>\n","protected":false},"excerpt":{"rendered":"<div>\n<div class=\"SingleProperty_content__rQlhy\"><span class=\"SingleProperty_title__D4kFo\">\u1ee8ng d\u1ee5ng: <\/span><span class=\"SingleProperty_item__eArBK\"><span class=\"\">Engine<\/span><\/span><\/div>\n<\/div>\n<div>\n<div class=\"SingleProperty_separator__Q171Z\" role=\"separator\" data-orientation=\"horizontal\"><\/div>\n<div class=\"SingleProperty_content__rQlhy\"><span class=\"SingleProperty_title__D4kFo\">Lo\u1ea1i \u0111\u1ed9ng c\u01a1: <\/span><span class=\"SingleProperty_item__eArBK\"><span class=\"\">4T<\/span><\/span><\/div>\n<\/div>\n<div>\n<div class=\"SingleProperty_separator__Q171Z\" role=\"separator\" data-orientation=\"horizontal\"><\/div>\n<div class=\"SingleProperty_content__rQlhy\"><span class=\"SingleProperty_title__D4kFo\">Lo\u1ea1i s\u1ea3n ph\u1ea9m: <\/span><span class=\"SingleProperty_item__eArBK\"><span class=\"\">300V<\/span><\/span><\/div>\n<\/div>\n<div>\n<div class=\"SingleProperty_separator__Q171Z\" role=\"separator\" data-orientation=\"horizontal\"><\/div>\n<div class=\"SingleProperty_content__rQlhy\"><span class=\"SingleProperty_title__D4kFo\">\u0110\u1ed9 nh\u1edbt: <\/span><span class=\"SingleProperty_item__eArBK\"><span class=\"\">10W-40<\/span><\/span><\/div>\n<\/div>\n","protected":false},"featured_media":360,"comment_status":"open","ping_status":"closed","template":"","meta":[],"product_brand":[40],"product_cat":[39],"product_tag":[44,43,42],"class_list":{"0":"post-358","1":"product","2":"type-product","3":"status-publish","4":"has-post-thumbnail","6":"product_brand-motul","7":"product_cat-chua-phan-loai","8":"product_tag-10w40","9":"product_tag-300v","10":"product_tag-motul","12":"first","13":"instock","14":"virtual","15":"purchasable","16":"product-type-simple"},"_links":{"self":[{"href":"https:\/\/toi.metalabco.com\/index.php\/wp-json\/wp\/v2\/product\/358","targetHints":{"allow":["GET"]}}],"collection":[{"href":"https:\/\/toi.metalabco.com\/index.php\/wp-json\/wp\/v2\/product"}],"about":[{"href":"https:\/\/toi.metalabco.com\/index.php\/wp-json\/wp\/v2\/types\/product"}],"replies":[{"embeddable":true,"href":"https:\/\/toi.metalabco.com\/index.php\/wp-json\/wp\/v2\/comments?post=358"}],"wp:featuredmedia":[{"embeddable":true,"href":"https:\/\/toi.metalabco.com\/index.php\/wp-json\/wp\/v2\/media\/360"}],"wp:attachment":[{"href":"https:\/\/toi.metalabco.com\/index.php\/wp-json\/wp\/v2\/media?parent=358"}],"wp:term":[{"taxonomy":"product_brand","embeddable":true,"href":"https:\/\/toi.metalabco.com\/index.php\/wp-json\/wp\/v2\/product_brand?post=358"},{"taxonomy":"product_cat","embeddable":true,"href":"https:\/\/toi.metalabco.com\/index.php\/wp-json\/wp\/v2\/product_cat?post=358"},{"taxonomy":"product_tag","embeddable":true,"href":"https:\/\/toi.metalabco.com\/index.php\/wp-json\/wp\/v2\/product_tag?post=358"}],"curies":[{"name":"wp","href":"https:\/\/api.w.org\/{rel}","templated":true}]}}